{"id":8,"date":"2024-07-05T09:04:03","date_gmt":"2024-07-05T09:04:03","guid":{"rendered":"https:\/\/www.playmobod.de\/?page_id=8"},"modified":"2024-07-05T20:26:16","modified_gmt":"2024-07-05T20:26:16","slug":"ueber","status":"publish","type":"page","link":"https:\/\/www.playmobod.de\/index.php\/ueber\/","title":{"rendered":"\u00dcber mich"},"content":{"rendered":"\n<div class=\"wp-block-cover alignfull has-ast-global-color-5-color has-text-color has-link-color wp-elements-8a4b38e4baa87fbd9766b3184843bbf7 wp-duotone-unset-1\" style=\"min-height:600px;aspect-ratio:unset;\"><span aria-hidden=\"true\" class=\"wp-block-cover__background has-ast-global-color-8-background-color has-background-dim-100 has-background-dim\"><\/span><div class=\"wp-block-cover__inner-container is-layout-flow wp-block-cover-is-layout-flow\">\n<div class=\"wp-block-group is-layout-flow wp-block-group-is-layout-flow\">\n<div style=\"height:80px\" aria-hidden=\"true\" class=\"wp-block-spacer\"><\/div>\n\n\n\n<div class=\"wp-block-columns are-vertically-aligned-center has-neve-text-color-color has-text-color is-layout-flex wp-container-core-columns-is-layout-28f84493 wp-block-columns-is-layout-flex\">\n<div class=\"wp-block-column is-vertically-aligned-center is-layout-flow wp-block-column-is-layout-flow\" style=\"padding-right:var(--wp--preset--spacing--30);padding-left:var(--wp--preset--spacing--30);flex-basis:50%\">\n<figure class=\"wp-block-image size-full has-custom-border\"><img loading=\"lazy\" decoding=\"async\" width=\"568\" height=\"610\" src=\"https:\/\/www.playmobod.de\/wp-content\/uploads\/2024\/07\/playmobod_mit_ritter.png\" alt=\"\" class=\"wp-image-72\" style=\"border-radius:16px\" srcset=\"https:\/\/www.playmobod.de\/wp-content\/uploads\/2024\/07\/playmobod_mit_ritter.png 568w, https:\/\/www.playmobod.de\/wp-content\/uploads\/2024\/07\/playmobod_mit_ritter-279x300.png 279w\" sizes=\"auto, (max-width: 568px) 100vw, 568px\" \/><\/figure>\n<\/div>\n\n\n\n<div class=\"wp-block-column is-vertically-aligned-center is-layout-flow wp-block-column-is-layout-flow\" style=\"padding-top:0;padding-right:var(--wp--preset--spacing--30);padding-bottom:0;padding-left:var(--wp--preset--spacing--30);flex-basis:50%\">\n<h2 class=\"wp-block-heading has-neve-text-color-color has-text-color\">Meine Leidenschaft f\u00fcr Playmobil<\/h2>\n\n\n\n<p>Ich bin ein leidenschaftlicher Playmobil-Sammler seit \u00fcber 30 Jahren. Meine Liebe zu den kleinen Figuren und detailreichen Sets begann schon in meiner Kindheit und hat mich bis heute nicht losgelassen. \u00dcber die Jahre habe ich eine umfangreiche Sammlung aufgebaut, die von klassischen Sets bis hin zu seltenen Sammlerst\u00fccken reicht.<\/p>\n\n\n\n<p>Playmobil ist f\u00fcr mich mehr als nur ein Hobby \u2013 es ist eine Reise in die Welt der Fantasie und Kreativit\u00e4t. Jedes Set erz\u00e4hlt eine eigene Geschichte und l\u00e4dt dazu ein, Abenteuer zu erleben und Tr\u00e4ume wahr werden zu lassen.<\/p>\n\n\n\n<p>Auf dieser Website und vor allem in meinem Facebook- und Instagram-Auftritt m\u00f6chte ich meine Leidenschaft mit euch teilen, meine Sammlung pr\u00e4sentieren und euch \u00fcber bevorstehende Ausstellungen informieren. Schaut euch um, entdeckt seltene Sch\u00e4tze und erfahrt, wann und wo ihr meine Sammlung live erleben k\u00f6nnt.<\/p>\n\n\n\n<p>Vielen Dank f\u00fcr euren Besuch und viel Spa\u00df beim St\u00f6bern!<\/p>\n\n\n\n<p class=\"has-neve-text-color-color has-text-color\"><\/p>\n<\/div>\n<\/div>\n\n\n\n<div style=\"height:40px\" aria-hidden=\"true\" class=\"wp-block-spacer\"><\/div>\n<\/div>\n<\/div><\/div>\n","protected":false},"excerpt":{"rendered":"","protected":false},"author":1,"featured_media":0,"parent":0,"menu_order":0,"comment_status":"closed","ping_status":"closed","template":"","meta":{"site-sidebar-layout":"default","site-content-layout":"","ast-site-content-layout":"","site-content-style":"default","site-sidebar-style":"default","ast-global-header-display":"","ast-banner-title-visibility":"","ast-main-header-display":"","ast-hfb-above-header-display":"","ast-hfb-below-header-display":"","ast-hfb-mobile-header-display":"","site-post-title":"","ast-breadcrumbs-content":"","ast-featured-img":"","footer-sml-layout":"","theme-transparent-header-meta":"","adv-header-id-meta":"","stick-header-meta":"","header-above-stick-meta":"","header-main-stick-meta":"","header-below-stick-meta":"","astra-migrate-meta-layouts":"default","ast-page-background-enabled":"default","ast-page-background-meta":{"desktop":{"background-color":"var(--ast-global-color-4)","background-image":"","background-repeat":"repeat","background-position":"center center","background-size":"auto","background-attachment":"scroll","background-type":"","background-media":"","overlay-type":"","overlay-color":"","overlay-opacity":"","overlay-gradient":""},"tablet":{"background-color":"","background-image":"","background-repeat":"repeat","background-position":"center center","background-size":"auto","background-attachment":"scroll","background-type":"","background-media":"","overlay-type":"","overlay-color":"","overlay-opacity":"","overlay-gradient":""},"mobile":{"background-color":"","background-image":"","background-repeat":"repeat","background-position":"center center","background-size":"auto","background-attachment":"scroll","background-type":"","background-media":"","overlay-type":"","overlay-color":"","overlay-opacity":"","overlay-gradient":""}},"ast-content-background-meta":{"desktop":{"background-color":"var(--ast-global-color-5)","background-image":"","background-repeat":"repeat","background-position":"center center","background-size":"auto","background-attachment":"scroll","background-type":"","background-media":"","overlay-type":"","overlay-color":"","overlay-opacity":"","overlay-gradient":""},"tablet":{"background-color":"var(--ast-global-color-5)","background-image":"","background-repeat":"repeat","background-position":"center center","background-size":"auto","background-attachment":"scroll","background-type":"","background-media":"","overlay-type":"","overlay-color":"","overlay-opacity":"","overlay-gradient":""},"mobile":{"background-color":"var(--ast-global-color-5)","background-image":"","background-repeat":"repeat","background-position":"center center","background-size":"auto","background-attachment":"scroll","background-type":"","background-media":"","overlay-type":"","overlay-color":"","overlay-opacity":"","overlay-gradient":""}},"footnotes":""},"class_list":["post-8","page","type-page","status-publish","hentry"],"_links":{"self":[{"href":"https:\/\/www.playmobod.de\/index.php\/wp-json\/wp\/v2\/pages\/8","targetHints":{"allow":["GET"]}}],"collection":[{"href":"https:\/\/www.playmobod.de\/index.php\/wp-json\/wp\/v2\/pages"}],"about":[{"href":"https:\/\/www.playmobod.de\/index.php\/wp-json\/wp\/v2\/types\/page"}],"author":[{"embeddable":true,"href":"https:\/\/www.playmobod.de\/index.php\/wp-json\/wp\/v2\/users\/1"}],"replies":[{"embeddable":true,"href":"https:\/\/www.playmobod.de\/index.php\/wp-json\/wp\/v2\/comments?post=8"}],"version-history":[{"count":8,"href":"https:\/\/www.playmobod.de\/index.php\/wp-json\/wp\/v2\/pages\/8\/revisions"}],"predecessor-version":[{"id":81,"href":"https:\/\/www.playmobod.de\/index.php\/wp-json\/wp\/v2\/pages\/8\/revisions\/81"}],"wp:attachment":[{"href":"https:\/\/www.playmobod.de\/index.php\/wp-json\/wp\/v2\/media?parent=8"}],"curies":[{"name":"wp","href":"https:\/\/api.w.org\/{rel}","templated":true}]}}